{"id":1598,"date":"2024-09-12T09:01:29","date_gmt":"2024-09-12T09:01:29","guid":{"rendered":"https:\/\/pvogalicia.com\/o-noso-stock\/"},"modified":"2024-10-04T20:35:38","modified_gmt":"2024-10-04T20:35:38","slug":"o-noso-stock","status":"publish","type":"page","link":"https:\/\/pvogalicia.com\/gl\/o-noso-stock\/","title":{"rendered":"O noso stock"},"content":{"rendered":"\n<div class=\"wp-block-uagb-container uagb-block-cef93154 alignfull uagb-is-root-container\"><div class=\"uagb-container-inner-blocks-wrap\">\n<div class=\"wp-block-uagb-advanced-heading uagb-block-ee43a231\"><h1 class=\"uagb-heading-text\">Os nosos veh\u00edculos<\/h1><\/div>\n<\/div><\/div>\n\n<div class=\"wp-block-uagb-container uagb-block-ca134fa2 alignfull uagb-is-root-container\"><div class=\"uagb-container-inner-blocks-wrap\">\n<div class=\"wp-block-uagb-info-box uagb-block-fb923f24 uagb-infobox__content-wrap  uagb-infobox-icon-above-title uagb-infobox-image-valign-top\"><div class=\"uagb-ifb-content\"><div class=\"uagb-ifb-title-wrap\"><h3 class=\"uagb-ifb-title-prefix\">Nuestro stock<\/h3><\/div><\/div><\/div>\n\n\n\t\t\n\t\t<ul class=\"auto-listings-items grid-view\">\n<li class=\"col-3 post-1686 auto-listing type-auto-listing status-publish auto-listing-1686 has-thumbnail\">\n\n\t\n<div class=\"image\">\n\t<a href=\"https:\/\/pvogalicia.com\/gl\/listing\/volkswagen-golf-gti-dsg\/\" title=\"Volkswagen Golf GTI, DSG.\">\n\t\t\n\t\t\n\t\t\t\t\t<img decoding=\"async\" alt=\"\" src=\"https:\/\/pvogalicia.com\/wp-content\/uploads\/2024\/10\/WhatsApp-Image-2024-10-09-at-11.50.35-400x250.jpeg\" \/>\n\t\t\n\t<\/a>\n<\/div>\n\t<div class=\"summary\">\n\n\t\t\n<h3 class=\"title\">\n\t<a href=\"https:\/\/pvogalicia.com\/gl\/listing\/volkswagen-golf-gti-dsg\/\" title=\"Volkswagen Golf GTI, DSG.\">\n\t\tVolkswagen Golf GTI, DSG.\t<\/a>\n<\/h3>\n\n<div class=\"at-a-glance\">\n\n\t<ul>\n\t\t<li class=\"odomoter\"><i class=\"auto-icon-odometer\"><\/i> 35.000 km<\/li>\n\t\t\t<li class=\"transmission\"><i class=\"auto-icon-transmission\"><\/i> Autom\u00e1tica<\/li>\n\t\t\t<\/ul>\n\n<\/div>\n<span class=\"price\"><span class=\"price-amount\">33.500<span class=\"currency-symbol\">\u20ac<\/span><\/span> <\/span>\n\n<div class=\"description\"><\/div>\n\n<div class=\"bottom-wrap\">\n\t<a class=\"al-button\" href=\"https:\/\/pvogalicia.com\/gl\/listing\/volkswagen-golf-gti-dsg\/\" title=\"View Volkswagen Golf GTI, DSG.\">More Details &nbsp; <i class=\"fa fa-angle-right\"><\/i><\/a>\n\t\t\t<span class=\"condition\">New Vehicle<\/span>\n\t<\/div>\n\n\t<\/div>\n\n\t\n<\/li>\n\n<li class=\"col-3 post-1675 auto-listing type-auto-listing status-publish auto-listing-1675 has-thumbnail\">\n\n\t\n<div class=\"image\">\n\t<a href=\"https:\/\/pvogalicia.com\/gl\/listing\/cupra-formentor-1-5-tsi-dsg\/\" title=\"CUPRA FORMENTOR 1.5 TSI DSG\">\n\t\t\n\t\t\n\t\t\t\t\t<img decoding=\"async\" alt=\"\" src=\"https:\/\/pvogalicia.com\/wp-content\/uploads\/2024\/10\/WhatsApp-Image-2024-10-09-at-11.43.02-400x250.jpeg\" \/>\n\t\t\n\t<\/a>\n<\/div>\n\t<div class=\"summary\">\n\n\t\t\n<h3 class=\"title\">\n\t<a href=\"https:\/\/pvogalicia.com\/gl\/listing\/cupra-formentor-1-5-tsi-dsg\/\" title=\"CUPRA FORMENTOR 1.5 TSI DSG\">\n\t\tCUPRA FORMENTOR 1.5 TSI DSG\t<\/a>\n<\/h3>\n\n<div class=\"at-a-glance\">\n\n\t<ul>\n\t\t<li class=\"odomoter\"><i class=\"auto-icon-odometer\"><\/i> 30.000 km<\/li>\n\t\t\t<li class=\"transmission\"><i class=\"auto-icon-transmission\"><\/i> Autom\u00e1tica<\/li>\n\t\t\t<\/ul>\n\n<\/div>\n<span class=\"price\"><span class=\"price-amount\">31.500<span class=\"currency-symbol\">\u20ac<\/span><\/span> <\/span>\n\n<div class=\"description\"><\/div>\n\n<div class=\"bottom-wrap\">\n\t<a class=\"al-button\" href=\"https:\/\/pvogalicia.com\/gl\/listing\/cupra-formentor-1-5-tsi-dsg\/\" title=\"View CUPRA FORMENTOR 1.5 TSI DSG\">More Details &nbsp; <i class=\"fa fa-angle-right\"><\/i><\/a>\n\t\t\t<span class=\"condition\">Used Vehicle<\/span>\n\t<\/div>\n\n\t<\/div>\n\n\t\n<\/li>\n\n<li class=\"col-3 post-1666 auto-listing type-auto-listing status-publish auto-listing-1666 has-thumbnail\">\n\n\t\n<div class=\"image\">\n\t<a href=\"https:\/\/pvogalicia.com\/gl\/listing\/volkswagen-tiguan-rline\/\" title=\"Volkswagen Tiguan Rline\">\n\t\t\n\t\t\n\t\t\t\t\t<img decoding=\"async\" alt=\"\" src=\"https:\/\/pvogalicia.com\/wp-content\/uploads\/2024\/10\/WhatsApp-Image-2024-10-09-at-11.15.35-400x250.jpeg\" \/>\n\t\t\n\t<\/a>\n<\/div>\n\t<div class=\"summary\">\n\n\t\t\n<h3 class=\"title\">\n\t<a href=\"https:\/\/pvogalicia.com\/gl\/listing\/volkswagen-tiguan-rline\/\" title=\"Volkswagen Tiguan Rline\">\n\t\tVolkswagen Tiguan Rline\t<\/a>\n<\/h3>\n\n<div class=\"at-a-glance\">\n\n\t<ul>\n\t\t<li class=\"odomoter\"><i class=\"auto-icon-odometer\"><\/i> n\/a<\/li>\n\t\t\t<li class=\"transmission\"><i class=\"auto-icon-transmission\"><\/i> Autom\u00e1tica<\/li>\n\t\t\t<\/ul>\n\n<\/div>\n<span class=\"price\"><span class=\"price-amount\">28.900<span class=\"currency-symbol\">\u20ac<\/span><\/span> <\/span>\n\n<div class=\"description\"><\/div>\n\n<div class=\"bottom-wrap\">\n\t<a class=\"al-button\" href=\"https:\/\/pvogalicia.com\/gl\/listing\/volkswagen-tiguan-rline\/\" title=\"View Volkswagen Tiguan Rline\">More Details &nbsp; <i class=\"fa fa-angle-right\"><\/i><\/a>\n\t\t\t<span class=\"condition\">Used Vehicle<\/span>\n\t<\/div>\n\n\t<\/div>\n\n\t\n<\/li>\n<\/ul><ul class=\"auto-listings-items grid-view\">\n<li class=\"col-3 post-1654 auto-listing type-auto-listing status-publish auto-listing-1654 has-thumbnail\">\n\n\t\n<div class=\"image\">\n\t<a href=\"https:\/\/pvogalicia.com\/gl\/listing\/bmw-118d-m-sport\/\" title=\"BMW 118d M sport\">\n\t\t\n\t\t\n\t\t\t\t\t<img decoding=\"async\" alt=\"\" src=\"https:\/\/pvogalicia.com\/wp-content\/uploads\/2024\/10\/WhatsApp-Image-2024-10-09-at-11.02.54-400x250.jpeg\" \/>\n\t\t\n\t<\/a>\n<\/div>\n\t<div class=\"summary\">\n\n\t\t\n<h3 class=\"title\">\n\t<a href=\"https:\/\/pvogalicia.com\/gl\/listing\/bmw-118d-m-sport\/\" title=\"BMW 118d M sport\">\n\t\tBMW 118d M sport\t<\/a>\n<\/h3>\n\n<div class=\"at-a-glance\">\n\n\t<ul>\n\t\t<li class=\"odomoter\"><i class=\"auto-icon-odometer\"><\/i> 56.000 km<\/li>\n\t\t\t<li class=\"transmission\"><i class=\"auto-icon-transmission\"><\/i> Autom\u00e1tica<\/li>\n\t\t\t<\/ul>\n\n<\/div>\n<span class=\"price\"><span class=\"price-amount\">26.500<span class=\"currency-symbol\">\u20ac<\/span><\/span> <\/span>\n\n<div class=\"description\"><\/div>\n\n<div class=\"bottom-wrap\">\n\t<a class=\"al-button\" href=\"https:\/\/pvogalicia.com\/gl\/listing\/bmw-118d-m-sport\/\" title=\"View BMW 118d M sport\">More Details &nbsp; <i class=\"fa fa-angle-right\"><\/i><\/a>\n\t\t\t<span class=\"condition\">Used Vehicle<\/span>\n\t<\/div>\n\n\t<\/div>\n\n\t\n<\/li>\n\n<li class=\"col-3 post-1633 auto-listing type-auto-listing status-publish auto-listing-1633 has-thumbnail\">\n\n\t\n<div class=\"image\">\n\t<a href=\"https:\/\/pvogalicia.com\/gl\/listing\/audi-a3-s-line-sportback-35-tdi\/\" title=\"Audi A3 S-Line Sportback 35 TDI\">\n\t\t\n\t\t\n\t\t\t\t\t<img decoding=\"async\" alt=\"\" src=\"https:\/\/pvogalicia.com\/wp-content\/uploads\/2024\/10\/WhatsApp-Image-2024-10-03-at-11.31.45-400x250.jpeg\" \/>\n\t\t\n\t<\/a>\n<\/div>\n\t<div class=\"summary\">\n\n\t\t\n<h3 class=\"title\">\n\t<a href=\"https:\/\/pvogalicia.com\/gl\/listing\/audi-a3-s-line-sportback-35-tdi\/\" title=\"Audi A3 S-Line Sportback 35 TDI\">\n\t\tAudi A3 S-Line Sportback 35 TDI\t<\/a>\n<\/h3>\n\n<div class=\"at-a-glance\">\n\n\t<ul>\n\t\t<li class=\"odomoter\"><i class=\"auto-icon-odometer\"><\/i> 86.500 km<\/li>\n\t\t\t<li class=\"transmission\"><i class=\"auto-icon-transmission\"><\/i> Autom\u00e1tica<\/li>\n\t\t\t<\/ul>\n\n<\/div>\n<span class=\"price\"><span class=\"price-amount\">25.500<span class=\"currency-symbol\">\u20ac<\/span><\/span> <\/span>\n\n<div class=\"description\"><\/div>\n\n<div class=\"bottom-wrap\">\n\t<a class=\"al-button\" href=\"https:\/\/pvogalicia.com\/gl\/listing\/audi-a3-s-line-sportback-35-tdi\/\" title=\"View Audi A3 S-Line Sportback 35 TDI\">More Details &nbsp; <i class=\"fa fa-angle-right\"><\/i><\/a>\n\t\t\t<span class=\"condition\">Used Vehicle<\/span>\n\t<\/div>\n\n\t<\/div>\n\n\t\n<\/li>\n<\/ul>\n<\/div><\/div>\n\n<div class=\"wp-block-uagb-container uagb-block-8fe14de4 alignfull uagb-is-root-container\">\n<div class=\"wp-block-uagb-container uagb-block-a9df32cb\">\n<div class=\"wp-block-uagb-info-box uagb-block-95bb51ac uagb-infobox__content-wrap  uagb-infobox-icon-above-title uagb-infobox-image-valign-top\"><div class=\"uagb-ifb-content\"><div class=\"uagb-ifb-title-wrap\"><h2 class=\"uagb-ifb-title\">Buscas algo m\u00e1is espec\u00edfico?<\/h2><\/div><p class=\"uagb-ifb-desc\">En <strong>Pi\u00f1eiro Veh\u00edculos Usados<\/strong> \u200b\u200b, estamos especializados en buscar veh\u00edculos \u00e1 carta e importar modelos exclusivos segundo as t\u00faas preferencias. O noso equipo asesorar\u00e1 e guiarao para garantir que atopes o coche perfecto que buscas. <\/p><div class=\"uagb-ifb-button-wrapper wp-block-button\"><a href=\"https:\/\/pvogalicia.com\/contact\/\" class=\"uagb-infobox-cta-link wp-block-button__link\" target=\"_self\" rel=\"noopener noreferrer\" onclick=\"return true;\"><span class=\"uagb-inline-editing\">Ch\u00e1manos<\/span><\/a><\/div><\/div><\/div>\n<\/div>\n\n\n\n<div class=\"wp-block-uagb-container uagb-block-290b1d46\">\n<div class=\"wp-block-uagb-advanced-heading uagb-block-33642a4f\"><h3 class=\"uagb-heading-text\">Financiamento a medida para ti<\/h3><p class=\"uagb-desc-text\">Sabemos que comprar un veh\u00edculo \u00e9 un investimento importante. Por iso, ofrecemos <strong>soluci\u00f3ns de financiamento flexibles e adaptadas<\/strong> a cada cliente. <\/p><\/div>\n\n\n\n<div class=\"wp-block-uagb-icon-list uagb-block-2c5def50\"><div class=\"uagb-icon-list__wrap\">\n<div class=\"wp-block-uagb-icon-list-child uagb-block-6cc6b37f\"><span class=\"uagb-icon-list__source-wrap\"><svg xmlns=\"https:\/\/www.w3.org\/2000\/svg\" viewbox=\"0 0 512 512\"><path d=\"M180.2 243.1C185 263.9 162.2 280.2 144.1 268.8L119.8 253.6l-50.9 81.43c-13.33 21.32 2.004 48.98 27.15 48.98h32.02c17.64 0 31.98 14.32 31.98 31.96c0 17.64-14.34 32.05-31.98 32.05H96.15c-75.36 0-121.3-82.84-81.47-146.8L65.51 219.8L41.15 204.5C23.04 193.1 27.66 165.5 48.48 160.7l91.43-21.15C148.5 137.7 157.2 142.9 159.2 151.6L180.2 243.1zM283.1 78.96l41.25 66.14l-24.25 15.08c-18.16 11.31-13.57 38.94 7.278 43.77l91.4 21.15c8.622 1.995 17.23-3.387 19.21-12.01l21.04-91.43c4.789-20.81-17.95-37.05-36.07-25.76l-24.36 15.2L337.4 45.14c-37.58-60.14-125.2-60.18-162.8-.0617L167.2 56.9C157.9 71.75 162.5 91.58 177.3 100.9c14.92 9.359 34.77 4.886 44.11-10.04l7.442-11.89C241.6 58.58 270.9 59.33 283.1 78.96zM497.3 301.3l-16.99-27.26c-9.336-14.98-29.06-19.56-44.04-10.21c-14.94 9.318-19.52 29.15-10.18 44.08l16.99 27.15c13.35 21.32-1.984 49-27.14 49h-95.99l.0234-28.74c0-21.38-25.85-32.09-40.97-16.97l-66.41 66.43c-6.222 6.223-6.222 16.41 .0044 22.63l66.42 66.34c15.12 15.1 40.95 4.386 40.95-16.98l-.0234-28.68h95.86C491.2 448.1 537.2 365.2 497.3 301.3z\"><\/path><\/svg><\/span><span class=\"uagb-icon-list__label\"><strong>Plans de financiamento personalizados<\/strong><\/span><\/div>\n\n\n\n<div class=\"wp-block-uagb-icon-list-child uagb-block-b2b23553\"><span class=\"uagb-icon-list__source-wrap\"><svg xmlns=\"https:\/\/www.w3.org\/2000\/svg\" viewbox=\"0 0 512 512\"><path d=\"M256 512C114.6 512 0 397.4 0 256C0 114.6 114.6 0 256 0C397.4 0 512 114.6 512 256C512 397.4 397.4 512 256 512zM232 256C232 264 236 271.5 242.7 275.1L338.7 339.1C349.7 347.3 364.6 344.3 371.1 333.3C379.3 322.3 376.3 307.4 365.3 300L280 243.2V120C280 106.7 269.3 96 255.1 96C242.7 96 231.1 106.7 231.1 120L232 256z\"><\/path><\/svg><\/span><span class=\"uagb-icon-list__label\">Aprobaci\u00f3n r\u00e1pida e sinxela<\/span><\/div>\n<\/div><\/div>\n<\/div>\n<\/div>\n","protected":false},"excerpt":{"rendered":"<p>Os nosos veh\u00edculos Financiamento a medida para ti Sabemos que comprar un veh\u00edculo \u00e9 un investimento importante. Por iso, ofrecemos soluci\u00f3ns de financiamento flexibles e adaptadas a cada cliente.<\/p>\n","protected":false},"author":1,"featured_media":0,"parent":0,"menu_order":0,"comment_status":"closed","ping_status":"closed","template":"","meta":{"_uag_custom_page_level_css":"","site-sidebar-layout":"no-sidebar","site-content-layout":"plain-container","ast-site-content-layout":"normal-width-container","site-content-style":"unboxed","site-sidebar-style":"unboxed","ast-global-header-display":"","ast-banner-title-visibility":"","ast-main-header-display":"","ast-hfb-above-header-display":"","ast-hfb-below-header-display":"","ast-hfb-mobile-header-display":"","site-post-title":"disabled","ast-breadcrumbs-content":"","ast-featured-img":"disabled","footer-sml-layout":"","theme-transparent-header-meta":"enabled","adv-header-id-meta":"","stick-header-meta":"","header-above-stick-meta":"","header-main-stick-meta":"","header-below-stick-meta":"","astra-migrate-meta-layouts":"default","ast-page-background-enabled":"default","ast-page-background-meta":{"desktop":{"background-color":"var(--ast-global-color-4)","background-image":"","background-repeat":"repeat","background-position":"center center","background-size":"auto","background-attachment":"scroll","background-type":"","background-media":"","overlay-type":"","overlay-color":"","overlay-opacity":"","overlay-gradient":""},"tablet":{"background-color":"","background-image":"","background-repeat":"repeat","background-position":"center center","background-size":"auto","background-attachment":"scroll","background-type":"","background-media":"","overlay-type":"","overlay-color":"","overlay-opacity":"","overlay-gradient":""},"mobile":{"background-color":"","background-image":"","background-repeat":"repeat","background-position":"center center","background-size":"auto","background-attachment":"scroll","background-type":"","background-media":"","overlay-type":"","overlay-color":"","overlay-opacity":"","overlay-gradient":""}},"ast-content-background-meta":{"desktop":{"background-color":"var(--ast-global-color-5)","background-image":"","background-repeat":"repeat","background-position":"center center","background-size":"auto","background-attachment":"scroll","background-type":"","background-media":"","overlay-type":"","overlay-color":"","overlay-opacity":"","overlay-gradient":""},"tablet":{"background-color":"var(--ast-global-color-5)","background-image":"","background-repeat":"repeat","background-position":"center center","background-size":"auto","background-attachment":"scroll","background-type":"","background-media":"","overlay-type":"","overlay-color":"","overlay-opacity":"","overlay-gradient":""},"mobile":{"background-color":"var(--ast-global-color-5)","background-image":"","background-repeat":"repeat","background-position":"center center","background-size":"auto","background-attachment":"scroll","background-type":"","background-media":"","overlay-type":"","overlay-color":"","overlay-opacity":"","overlay-gradient":""}},"footnotes":""},"class_list":["post-1598","page","type-page","status-publish","hentry"],"uagb_featured_image_src":{"full":false,"thumbnail":false,"medium":false,"medium_large":false,"large":false,"1536x1536":false,"2048x2048":false,"al-sml":false},"uagb_author_info":{"display_name":"daniel","author_link":"https:\/\/pvogalicia.com\/gl\/author\/daniel\/"},"uagb_comment_info":0,"uagb_excerpt":"Os nosos veh\u00edculos Financiamento a medida para ti Sabemos que comprar un veh\u00edculo \u00e9 un investimento importante. Por iso, ofrecemos soluci\u00f3ns de financiamento flexibles e adaptadas a cada cliente.","_links":{"self":[{"href":"https:\/\/pvogalicia.com\/gl\/wp-json\/wp\/v2\/pages\/1598","targetHints":{"allow":["GET"]}}],"collection":[{"href":"https:\/\/pvogalicia.com\/gl\/wp-json\/wp\/v2\/pages"}],"about":[{"href":"https:\/\/pvogalicia.com\/gl\/wp-json\/wp\/v2\/types\/page"}],"author":[{"embeddable":true,"href":"https:\/\/pvogalicia.com\/gl\/wp-json\/wp\/v2\/users\/1"}],"replies":[{"embeddable":true,"href":"https:\/\/pvogalicia.com\/gl\/wp-json\/wp\/v2\/comments?post=1598"}],"version-history":[{"count":3,"href":"https:\/\/pvogalicia.com\/gl\/wp-json\/wp\/v2\/pages\/1598\/revisions"}],"predecessor-version":[{"id":1619,"href":"https:\/\/pvogalicia.com\/gl\/wp-json\/wp\/v2\/pages\/1598\/revisions\/1619"}],"wp:attachment":[{"href":"https:\/\/pvogalicia.com\/gl\/wp-json\/wp\/v2\/media?parent=1598"}],"curies":[{"name":"wp","href":"https:\/\/api.w.org\/{rel}","templated":true}]}}